{"id":2221,"date":"2025-06-15T16:17:59","date_gmt":"2025-06-15T16:17:59","guid":{"rendered":"https:\/\/www.kevindiazcara.com\/?page_id=2221"},"modified":"2025-06-15T17:06:54","modified_gmt":"2025-06-15T17:06:54","slug":"politica-de-cookies","status":"publish","type":"page","link":"https:\/\/www.kevindiazcara.com\/index.php\/politica-de-cookies\/","title":{"rendered":"Pol\u00edtica de cookies"},"content":{"rendered":"\t\t<div data-elementor-type=\"wp-page\" data-elementor-id=\"2221\" class=\"elementor elementor-2221\" data-elementor-post-type=\"page\">\n\t\t\t\t\t\t<section class=\"elementor-section elementor-top-section elementor-element elementor-element-efeedfe elementor-section-boxed elementor-section-height-default elementor-section-height-default\" data-id=\"efeedfe\" data-element_type=\"section\" data-settings=\"{&quot;shape_divider_top&quot;:&quot;split&quot;,&quot;shape_divider_bottom&quot;:&quot;split&quot;}\">\n\t\t\t\t\t<div class=\"elementor-shape elementor-shape-top\" aria-hidden=\"true\" data-negative=\"false\">\n\t\t\t<svg xmlns=\"http:\/\/www.w3.org\/2000\/svg\" viewBox=\"0 0 1000 20\" preserveAspectRatio=\"none\">\n\t<path class=\"elementor-shape-fill\" d=\"M0,0v3c0,0,393.8,0,483.4,0c9.2,0,16.6,7.4,16.6,16.6c0-9.1,7.4-16.6,16.6-16.6C606.2,3,1000,3,1000,3V0H0z\"\/>\n<\/svg>\t\t<\/div>\n\t\t\t\t<div class=\"elementor-shape elementor-shape-bottom\" aria-hidden=\"true\" data-negative=\"false\">\n\t\t\t<svg xmlns=\"http:\/\/www.w3.org\/2000\/svg\" viewBox=\"0 0 1000 20\" preserveAspectRatio=\"none\">\n\t<path class=\"elementor-shape-fill\" d=\"M0,0v3c0,0,393.8,0,483.4,0c9.2,0,16.6,7.4,16.6,16.6c0-9.1,7.4-16.6,16.6-16.6C606.2,3,1000,3,1000,3V0H0z\"\/>\n<\/svg>\t\t<\/div>\n\t\t\t\t\t<div class=\"elementor-container elementor-column-gap-default\">\n\t\t\t\t\t<div class=\"elementor-column elementor-col-100 elementor-top-column elementor-element elementor-element-2db4c00\" data-id=\"2db4c00\" data-element_type=\"column\">\n\t\t\t<div class=\"elementor-widget-wrap elementor-element-populated\">\n\t\t\t\t\t\t<div class=\"elementor-element elementor-element-695b1fa elementor-widget elementor-widget-spacer\" data-id=\"695b1fa\" data-element_type=\"widget\" data-widget_type=\"spacer.default\">\n\t\t\t\t<div class=\"elementor-widget-container\">\n\t\t\t\t\t\t\t<div class=\"elementor-spacer\">\n\t\t\t<div class=\"elementor-spacer-inner\"><\/div>\n\t\t<\/div>\n\t\t\t\t\t\t<\/div>\n\t\t\t\t<\/div>\n\t\t\t\t<div class=\"elementor-element elementor-element-0d425ab elementor-widget elementor-widget-text-editor\" data-id=\"0d425ab\" data-element_type=\"widget\" data-widget_type=\"text-editor.default\">\n\t\t\t\t<div class=\"elementor-widget-container\">\n\t\t\t\t\t\t\t\t\t<h5><span style=\"color: #000000;\">POL\u00cdTICA DE COOKIES:<\/span><\/h5><h5><span style=\"color: #000000;\">INFORMACI\u00d3N DE COOKIES:<\/span><\/h5><h5><span style=\"color: #000000;\">Las cookies son archivos que se pueden descargar en su equipo a trav\u00e9s de las p\u00e1ginas web. Son<\/span><br \/><span style=\"color: #000000;\">herramientas que tienen un papel esencial para la prestaci\u00f3n de numerosos servicios de la<\/span><br \/><span style=\"color: #000000;\">sociedad de la informaci\u00f3n. Entre otros, permiten a una p\u00e1gina web almacenar y recuperar<\/span><br \/><span style=\"color: #000000;\">informaci\u00f3n sobre los h\u00e1bitos de navegaci\u00f3n de un usuario o de su equipo y, dependiendo de la<\/span><br \/><span style=\"color: #000000;\">informaci\u00f3n obtenida, se pueden utilizar para reconocer al usuario y mejorar el servicio ofrecido.<\/span><br \/><span style=\"color: #000000;\">TIPOS DE COOKIES:<\/span><br \/><span style=\"color: #000000;\">Seg\u00fan quien sea la entidad que gestione el dominio desde donde se env\u00edan las cookies y trate los<\/span><br \/><span style=\"color: #000000;\">datos que se obtengan se pueden distinguir dos tipos: cookies propias y cookies de terceros.<\/span><br \/><span style=\"color: #000000;\">Existe tambi\u00e9n una segunda clasificaci\u00f3n seg\u00fan el plazo de tiempo que permanecen almacenadas<\/span><br \/><span style=\"color: #000000;\">en el navegador del cliente, pudiendo tratarse de cookies de sesi\u00f3n o cookies persistentes.<\/span><br \/><span style=\"color: #000000;\">Por \u00faltimo, existe otra clasificaci\u00f3n con cinco tipos de cookies seg\u00fan la finalidad para la que se<\/span><br \/><span style=\"color: #000000;\">traten los datos obtenidos: cookies t\u00e9cnicas, cookies de personalizaci\u00f3n, cookies de an\u00e1lisis,<\/span><br \/><span style=\"color: #000000;\">cookies publicitarias y cookies de publicidad comportamental.<\/span><\/h5><h5><span style=\"color: #000000;\">COOKIES UTILIZADAS EN LA WEB:<\/span><\/h5><h5 class=\"uagb-heading-text\"><span style=\"color: #000000;\">A continuaci\u00f3n se identifican las cookies que est\u00e1n siendo utilizadas en este portal as\u00ed como su tipolog\u00eda y funci\u00f3n: Una cookie propia de tipo t\u00e9cnico denominada PHPSESSID necesaria para la correcta navegaci\u00f3n por las p\u00e1ginas web. Cookies de Google Analytics, un servicio de anal\u00edtica web desarrollada por Google, que permite la medici\u00f3n y an\u00e1lisis de la navegaci\u00f3n en las p\u00e1ginas web. En su navegador podr\u00e1 observar 4 cookies de este servicio. Seg\u00fan la tipolog\u00eda anterior se trata de cookies propias, de sesi\u00f3n y de an\u00e1lisis. Puede encontrar m\u00e1s informaci\u00f3n al respecto e inhabilitar el uso de estas cookies en: http:\/\/www.google.es\/intl\/es_ALL\/analytics\/learn\/privacy.html<\/span><\/h5><h5><span style=\"color: #000000;\">A trav\u00e9s de la anal\u00edtica web no se obtiene informaci\u00f3n sobre sus datos personales garantizando la tutela de la privacidad de las personas que navegan por la web. La informaci\u00f3n que se obtiene es la relativa al n\u00famero de usuarios que acceden a la web, el n\u00famero de p\u00e1ginas vistas, la frecuencia y repetici\u00f3n de las visitas, su duraci\u00f3n, el navegador utilizado, el operador que presta el servicio, el idioma, el terminal que utiliza, o la ciudad a la que est\u00e1 asignada su direcci\u00f3n IP. Informaci\u00f3n que posibilita un mejor y m\u00e1s apropiado servicio por parte de este portal.<\/span><\/h5><table><thead><tr><th><span style=\"color: #000000;\"><strong>Tipo de cookie<\/strong><\/span><\/th><th><span style=\"color: #000000;\"><strong>Finalidad<\/strong><\/span><\/th><th><span style=\"color: #000000;\"><strong>Duraci\u00f3n<\/strong><\/span><\/th><th><span style=\"color: #000000;\"><strong>Terceros<\/strong><\/span><\/th><\/tr><\/thead><tbody><tr><td><span style=\"color: #000000;\"><strong>T\u00e9cnicas y funcionales<\/strong><\/span><\/td><td><span style=\"color: #000000;\">Permiten funciones b\u00e1sicas como la navegaci\u00f3n, autenticaci\u00f3n, selecci\u00f3n de idioma o preferencias UI.<\/span><\/td><td><span style=\"color: #000000;\">Sesi\u00f3n \/ Persistente (1 d\u00eda\u20131 a\u00f1o)<\/span><\/td><td><span style=\"color: #000000;\">No<\/span><\/td><\/tr><tr><td><span style=\"color: #000000;\"><strong>Anal\u00edticas<\/strong><\/span><\/td><td><span style=\"color: #000000;\">Recopilan datos sobre el uso del sitio para mejorar su rendimiento y experiencia.<\/span><\/td><td><span style=\"color: #000000;\">Persistente (hasta 2 a\u00f1os)<\/span><\/td><td><span style=\"color: #000000;\">Google Analytics<\/span><\/td><\/tr><tr><td><span style=\"color: #000000;\"><strong>Publicitarias \/ marketing<\/strong><\/span><\/td><td><span style=\"color: #000000;\">Gestionan los espacios publicitarios y personalizan los anuncios seg\u00fan tu navegaci\u00f3n.<\/span><\/td><td><span style=\"color: #000000;\">Persistente (1 mes\u20131 a\u00f1o)<\/span><\/td><td><span style=\"color: #000000;\">Google Ads<\/span><\/td><\/tr><tr><td><span style=\"color: #000000;\"><strong>Sociales<\/strong><\/span><\/td><td><span style=\"color: #000000;\">Permiten compartir contenidos en redes sociales o mostrar botones de \u00abme gusta\u00bb.<\/span><\/td><td><span style=\"color: #000000;\">Sesi\u00f3n \/ Persistente (hasta 1 a\u00f1o)<\/span><\/td><td><span style=\"color: #000000;\">Facebook, Twitter, Instagram, LinkedIn, etc.<\/span><\/td><\/tr><\/tbody><\/table><h5><span style=\"color: #000000;\">C\u00d3MO MODIFICAR LA CONFIGURACI\u00d3N DE LAS<\/span> <span style=\"color: #000000;\">COOKIES:<\/span><br \/><span style=\"color: #000000;\">Usted puede restringir, bloquear o borrar las cookies de este sitio o cualquier otra p\u00e1gina web,<\/span><br \/><span style=\"color: #000000;\">utilizando su navegador. En cada navegador la operativa diferente, la funci\u00f3n de Ayuda le mostrar\u00e1<\/span><br \/><span style=\"color: #000000;\">c\u00f3mo hacerlo.<\/span><br \/><span style=\"color: #000000;\">\u25cf Internet Explorer: http:\/\/windows.microsoft.com\/es-xl\/internet-explorer\/delete-manage-cookies#ie=\u00bbie-10&#8243;<\/span><br \/><span style=\"color: #000000;\">\u25cf FireFox: https:\/\/support.mozilla.org\/es\/kb\/Borrar%20cookies<\/span><br \/><span style=\"color: #000000;\">\u25cf Chrome: https:\/\/support.google.com\/chrome\/answer\/95647?hl=\u00bbes\u00bb<\/span><\/h5>\t\t\t\t\t\t\t\t<\/div>\n\t\t\t\t<\/div>\n\t\t\t\t<div class=\"elementor-element elementor-element-9a12f9c elementor-widget elementor-widget-spacer\" data-id=\"9a12f9c\" data-element_type=\"widget\" data-widget_type=\"spacer.default\">\n\t\t\t\t<div class=\"elementor-widget-container\">\n\t\t\t\t\t\t\t<div class=\"elementor-spacer\">\n\t\t\t<div class=\"elementor-spacer-inner\"><\/div>\n\t\t<\/div>\n\t\t\t\t\t\t<\/div>\n\t\t\t\t<\/div>\n\t\t\t\t\t<\/div>\n\t\t<\/div>\n\t\t\t\t\t<\/div>\n\t\t<\/section>\n\t\t\t\t<\/div>\n\t\t","protected":false},"excerpt":{"rendered":"<p>POL\u00cdTICA DE COOKIES: INFORMACI\u00d3N DE COOKIES: Las cookies son archivos que se pueden descargar en su equipo a trav\u00e9s de las p\u00e1ginas web. Sonherramientas que tienen un papel esencial para la prestaci\u00f3n de numerosos servicios de lasociedad de la informaci\u00f3n. Entre otros, permiten a una p\u00e1gina web almacenar y recuperarinformaci\u00f3n sobre los h\u00e1bitos de navegaci\u00f3n &#8230; <a title=\"Pol\u00edtica de cookies\" class=\"read-more\" href=\"https:\/\/www.kevindiazcara.com\/index.php\/politica-de-cookies\/\" aria-label=\"Leer m\u00e1s sobre Pol\u00edtica de cookies\">Leer m\u00e1s<\/a><\/p>\n","protected":false},"author":1,"featured_media":0,"parent":0,"menu_order":0,"comment_status":"closed","ping_status":"closed","template":"elementor_header_footer","meta":{"footnotes":""},"class_list":["post-2221","page","type-page","status-publish"],"_links":{"self":[{"href":"https:\/\/www.kevindiazcara.com\/index.php\/wp-json\/wp\/v2\/pages\/2221","targetHints":{"allow":["GET"]}}],"collection":[{"href":"https:\/\/www.kevindiazcara.com\/index.php\/wp-json\/wp\/v2\/pages"}],"about":[{"href":"https:\/\/www.kevindiazcara.com\/index.php\/wp-json\/wp\/v2\/types\/page"}],"author":[{"embeddable":true,"href":"https:\/\/www.kevindiazcara.com\/index.php\/wp-json\/wp\/v2\/users\/1"}],"replies":[{"embeddable":true,"href":"https:\/\/www.kevindiazcara.com\/index.php\/wp-json\/wp\/v2\/comments?post=2221"}],"version-history":[{"count":13,"href":"https:\/\/www.kevindiazcara.com\/index.php\/wp-json\/wp\/v2\/pages\/2221\/revisions"}],"predecessor-version":[{"id":2237,"href":"https:\/\/www.kevindiazcara.com\/index.php\/wp-json\/wp\/v2\/pages\/2221\/revisions\/2237"}],"wp:attachment":[{"href":"https:\/\/www.kevindiazcara.com\/index.php\/wp-json\/wp\/v2\/media?parent=2221"}],"curies":[{"name":"wp","href":"https:\/\/api.w.org\/{rel}","templated":true}]}}