{"id":2211,"date":"2025-06-12T15:50:29","date_gmt":"2025-06-12T15:50:29","guid":{"rendered":"https:\/\/www.kevindiazcara.com\/?page_id=2211"},"modified":"2025-06-12T15:57:10","modified_gmt":"2025-06-12T15:57:10","slug":"politica-de-privacidad","status":"publish","type":"page","link":"https:\/\/www.kevindiazcara.com\/index.php\/politica-de-privacidad\/","title":{"rendered":"Pol\u00edtica de privacidad"},"content":{"rendered":"\t\t<div data-elementor-type=\"wp-page\" data-elementor-id=\"2211\" class=\"elementor elementor-2211\" data-elementor-post-type=\"page\">\n\t\t\t\t\t\t<section class=\"elementor-section elementor-top-section elementor-element elementor-element-efeedfe elementor-section-boxed elementor-section-height-default elementor-section-height-default\" data-id=\"efeedfe\" data-element_type=\"section\" data-settings=\"{&quot;shape_divider_top&quot;:&quot;split&quot;,&quot;shape_divider_bottom&quot;:&quot;split&quot;}\">\n\t\t\t\t\t<div class=\"elementor-shape elementor-shape-top\" aria-hidden=\"true\" data-negative=\"false\">\n\t\t\t<svg xmlns=\"http:\/\/www.w3.org\/2000\/svg\" viewBox=\"0 0 1000 20\" preserveAspectRatio=\"none\">\n\t<path class=\"elementor-shape-fill\" d=\"M0,0v3c0,0,393.8,0,483.4,0c9.2,0,16.6,7.4,16.6,16.6c0-9.1,7.4-16.6,16.6-16.6C606.2,3,1000,3,1000,3V0H0z\"\/>\n<\/svg>\t\t<\/div>\n\t\t\t\t<div class=\"elementor-shape elementor-shape-bottom\" aria-hidden=\"true\" data-negative=\"false\">\n\t\t\t<svg xmlns=\"http:\/\/www.w3.org\/2000\/svg\" viewBox=\"0 0 1000 20\" preserveAspectRatio=\"none\">\n\t<path class=\"elementor-shape-fill\" d=\"M0,0v3c0,0,393.8,0,483.4,0c9.2,0,16.6,7.4,16.6,16.6c0-9.1,7.4-16.6,16.6-16.6C606.2,3,1000,3,1000,3V0H0z\"\/>\n<\/svg>\t\t<\/div>\n\t\t\t\t\t<div class=\"elementor-container elementor-column-gap-default\">\n\t\t\t\t\t<div class=\"elementor-column elementor-col-100 elementor-top-column elementor-element elementor-element-2db4c00\" data-id=\"2db4c00\" data-element_type=\"column\">\n\t\t\t<div class=\"elementor-widget-wrap elementor-element-populated\">\n\t\t\t\t\t\t<div class=\"elementor-element elementor-element-695b1fa elementor-widget elementor-widget-spacer\" data-id=\"695b1fa\" data-element_type=\"widget\" data-widget_type=\"spacer.default\">\n\t\t\t\t<div class=\"elementor-widget-container\">\n\t\t\t\t\t\t\t<div class=\"elementor-spacer\">\n\t\t\t<div class=\"elementor-spacer-inner\"><\/div>\n\t\t<\/div>\n\t\t\t\t\t\t<\/div>\n\t\t\t\t<\/div>\n\t\t\t\t<div class=\"elementor-element elementor-element-0d425ab elementor-widget elementor-widget-text-editor\" data-id=\"0d425ab\" data-element_type=\"widget\" data-widget_type=\"text-editor.default\">\n\t\t\t\t<div class=\"elementor-widget-container\">\n\t\t\t\t\t\t\t\t\t<p class=\"uagb-heading-text\"><span style=\"color: #000000;\">RESPONSABLE DEL TRATAMIENTO<\/span><\/p><p><span style=\"color: #000000;\">El Responsable del Tratamiento es KEVIN D\u00cdAZ CARA, Calle real de bayacas,12, 18410 Granada (GRANADA).<\/span><\/p><p><span style=\"color: #000000;\">Principios de privacidad<\/span><\/p><p><span style=\"color: #000000;\">Desde KEVIN D\u00cdAZ CARA nos comprometemos contigo a trabajar continuamente para garantizar la privacidad en el tratamiento de tus datos personales, y para ofrecerte en cada momento la informaci\u00f3n m\u00e1s completa y clara que podamos. Te animamos a leer detenidamente esta secci\u00f3n antes de facilitarnos tus datos personales.<\/span><\/p><p><span style=\"color: #000000;\">Si eres menor de catorce a\u00f1os te rogamos que no nos facilites tus datos sin consentimiento de tus padres.<\/span><\/p><p><span style=\"color: #000000;\">En este apartado te informamos de c\u00f3mo tratamos los datos de las personas que tienen relaci\u00f3n con nuestra organizaci\u00f3n. Empezando por nuestros principios:<\/span><br \/><span style=\"color: #000000;\">\u2013 No solicitamos informaci\u00f3n personal, a no ser que sea necesaria para prestarte los servicios que nos requieras.<\/span><br \/><span style=\"color: #000000;\">\u2013 Nunca compartimos informaci\u00f3n personal con nadie, excepto para cumplir la ley, o contemos con tu autorizaci\u00f3n expresa.<\/span><br \/><span style=\"color: #000000;\">\u2013 Nunca utilizaremos tus datos personales para finalidades distintas a las expresadas en la presente pol\u00edtica de privacidad.<\/span><br \/><span style=\"color: #000000;\">\u2013 Tus datos siempre ser\u00e1n tratados con un nivel de protecci\u00f3n adecuado a la legislaci\u00f3n en materia de protecci\u00f3n de datos, y no los someteremos a decisiones automatizadas.<\/span><br \/><span style=\"color: #000000;\">La presente pol\u00edtica de privacidad la hemos redactado teniendo en cuenta las exigencias de la actual legislaci\u00f3n de protecci\u00f3n de datos:<\/span><br \/><span style=\"color: #000000;\">\u2013 Reglamento (UE) 2016\/679 del Parlamento Europeo y del Consejo de 27 de abril de 2016 relativo a la protecci\u00f3n de las personas f\u00edsicas (RGPD).<\/span><br \/><span style=\"color: #000000;\">\u2013 Ley Org\u00e1nica 3\/2018, de 5 de diciembre, de Protecci\u00f3n de Datos de Car\u00e1cter Personal y garant\u00eda de los derechos digitales (LOPD).<\/span><br \/><span style=\"color: #000000;\">\u2013 Real Decreto 1720\/2007, de 21 de diciembre (RLOPD).<\/span><\/p><p><span style=\"color: #000000;\">Esta pol\u00edtica de privacidad est\u00e1 redactada con fecha 6 de diciembre de 2018.<\/span><\/p><p><span style=\"color: #000000;\">Con motivo de la modificaci\u00f3n de criterios de tratamiento, en aras de facilitar su comprensi\u00f3n o de adaptarla a la legalidad vigente, es posible que modifiquemos la presente pol\u00edtica de privacidad.<\/span><\/p><p><span style=\"color: #000000;\">Actualizaremos la fecha de la misma, para que puedas comprobar su vigencia.<\/span><\/p><p><span style=\"color: #000000;\">Tratamientos que realizamos<\/span><\/p><p><span style=\"color: #000000;\">TRATAMIENTO DE CONTACTOS<\/span><\/p><p><span style=\"color: #000000;\">Base Jur\u00eddica: Consentimiento del interesado<\/span><\/p><p><span style=\"color: #000000;\">Fines del Tratamiento: Atender su solicitud, enviarle informaci\u00f3n y realizar un seguimiento de la solicitud.<\/span><\/p><p><span style=\"color: #000000;\">Colectivo: Personas de contacto, clientes, proveedores<\/span><\/p><p><span style=\"color: #000000;\">Categor\u00edas de Datos: Nombre y apellidos, tel\u00e9fono, direcci\u00f3n de email<\/span><\/p><p><span style=\"color: #000000;\">Categor\u00edas de Destinatarios: No se contemplan cesiones de datos a terceros.<\/span><\/p><p><span style=\"color: #000000;\">Transferencias Internacionales: No est\u00e1n previstas transferencias internacionales de los datos.<\/span><\/p><p><span style=\"color: #000000;\">Plazo de Supresi\u00f3n: Los datos de contacto se conservar\u00e1n por un periodo indefinido, o hasta que el interesado solicite su supresi\u00f3n.<\/span><\/p><p><span style=\"color: #000000;\">Medidas de Seguridad: Adaptadas a las exigencias del Reglamento (EU) 2016\/679, Reglamento General de Protecci\u00f3n de Datos.<\/span><\/p><p><span style=\"color: #000000;\">TRATAMIENTO DE ATENCI\u00d3N DERECHOS DE LAS PERSONAS (ARCO)<\/span><\/p><p><span style=\"color: #000000;\">Base Jur\u00eddica: RGPD: 6.1.c) Tratamiento necesario para el cumplimiento de una obligaci\u00f3n legal aplicable al responsable del tratamiento.<\/span><\/p><p><span style=\"color: #000000;\">Reglamento General de Protecci\u00f3n de Datos.<\/span><\/p><p><span style=\"color: #000000;\">Fines del Tratamiento: Atender las solicitudes en el ejercicio de los derechos que establece el Reglamento General de Protecci\u00f3n de Datos: Derecho de acceso, recificaci\u00f3n, supresi\u00f3n, limitaci\u00f3n, portabilidad y oposici\u00f3n a la toma de decisiones automatizadas.<\/span><\/p><p><span style=\"color: #000000;\">Colectivo: Personas f\u00edsicas que lo solicitan (empleados, clientes, proveedores, personas de contacto)<\/span><\/p><p><span style=\"color: #000000;\">Categor\u00edas de Datos: Nombre y apellidos, direcci\u00f3n, firma y tel\u00e9fono.<\/span><\/p><p><span style=\"color: #000000;\">Categor\u00edas de Destinatarios: Los datos personales podr\u00e1n ser comunicados a la Autoridad de Control (Agencia Espa\u00f1ola de Protecci\u00f3n de Datos) en el marco de una investigaci\u00f3n por tutela de derechos iniciada por el interesado.<\/span><\/p><p><span style=\"color: #000000;\">Transferencias Internacionales: No est\u00e1n previstas transferencias internacionales de los datos.<\/span><\/p><p><span style=\"color: #000000;\">Plazo de Supresi\u00f3n: Se conservar\u00e1n durante un plazo de cinco a\u00f1os desde el momento de la solicitud.<\/span><br \/><span style=\"color: #000000;\">Medidas de Seguridad: Adaptadas a las exigencias del Reglamento (EU) 2016\/679, Reglamento General de Protecci\u00f3n de Datos.<\/span><\/p><p><span style=\"color: #000000;\">TRATAMIENTO DE PROVEEDORES<\/span><\/p><p><span style=\"color: #000000;\">Base Jur\u00eddica: RGPD: 6.1.b) Tratamiento necesario para la ejecuci\u00f3n de un contrato en el que el interesado es parte o para la aplicaci\u00f3n a petici\u00f3n de \u00e9ste de medidas precontractuales.<\/span><br \/><span style=\"color: #000000;\">RGPD: 6.1.c) Tratamiento necesario para el cumplimiento de una obligaci\u00f3n legal aplicable al responsable del tratamiento.<\/span><\/p><p><span style=\"color: #000000;\">Real Decreto Legislativo 2\/2015, de 23 de octubre, por el que se aprueba el texto refundido de la Ley del Estatuto de los Trabajadores.<\/span><\/p><p><span style=\"color: #000000;\">Ley 58\/2003, de 17 de diciembre, General Tributaria.<\/span><\/p><p><span style=\"color: #000000;\">Fines del Tratamiento: \u2013 Adquisici\u00f3n de productos y\/o servicios que necesitamos para el desarrollo de nuestra actividad.<\/span><br \/><span style=\"color: #000000;\">\u2013 Control de los subcontratistas si procede.<\/span><\/p><p><span style=\"color: #000000;\">Colectivo: \u2013 Proveedores.<\/span><br \/><span style=\"color: #000000;\">\u2013 Personas que trabajan para nuestros proveedores.<\/span><\/p><p><span style=\"color: #000000;\">Categor\u00edas de Datos: \u2013 Nombre y apellidos, DNI\/NIF\/Documento identificativo, direcci\u00f3n, firma y tel\u00e9fono.<\/span><br \/><span style=\"color: #000000;\">\u2013 Datos de detalle de empleo: puesto de trabajo. Formaci\u00f3n en seguridad laboral.<\/span><br \/><span style=\"color: #000000;\">\u2013 Datos econ\u00f3mico financieros y de seguros: Datos bancarios.<\/span><\/p><p><span style=\"color: #000000;\">Categor\u00edas de Destinatarios: \u2013 Entidades financieras. (Pago de facturas)<\/span><br \/><span style=\"color: #000000;\">\u2013 Agencia Estatal de Administraci\u00f3n Tributaria.<\/span><\/p><p><span style=\"color: #000000;\">Transferencias Internacionales: No est\u00e1n previstas transferencias internacionales de los datos.<\/span><\/p><p><span style=\"color: #000000;\">Plazo de Supresi\u00f3n: Se conservar\u00e1n durante el tiempo necesario para cumplir con la finalidad para la que se recabaron y para determinar las posibles responsabilidades que se pudieran derivar de dicha finalidad y del tratamiento de los datos, conforme a la Ley 58\/2003, de 17 de diciembre, General Tributaria,<\/span><\/p><p><span style=\"color: #000000;\">Medidas de Seguridad: Adaptadas a las exigencias del Reglamento (EU) 2016\/679, Reglamento<\/span><br \/><span style=\"color: #000000;\">General de Protecci\u00f3n de Datos.<\/span><\/p><p><span style=\"color: #000000;\">TRATAMIENTO DE NOTIFICACI\u00d3N DE BRECHAS DE SEGURIDAD<\/span><\/p><p><span style=\"color: #000000;\">Base Jur\u00eddica: RGPD: 6.1.c) Tratamiento necesario para el cumplimiento de una obligaci\u00f3n legal aplicable al responsable del tratamiento.<\/span><\/p><p><span style=\"color: #000000;\">Reglamento General de Protecci\u00f3n de Datos. Art\u00edculos 33 y 34<\/span><\/p><p><span style=\"color: #000000;\">Fines del Tratamiento: Gesti\u00f3n y evaluaci\u00f3n de las brechas de seguridad que se produjeren en nuestra organizaci\u00f3n.<\/span><\/p><p><span style=\"color: #000000;\">Colectivo: Variable: Empleados, Clientes, Proveedores, Personas de Contacto (depender\u00e1 de la brecha de seguridad)<\/span><\/p><p><span style=\"color: #000000;\">Categor\u00edas de Datos: Variable. (Depender\u00e1 de la brecha de seguridad)<\/span><\/p><p><span style=\"color: #000000;\">Categor\u00edas de Destinatarios: \u2013 Agencia Espa\u00f1ola de Protecci\u00f3n de Datos.<\/span><br \/><span style=\"color: #000000;\">\u2013 Fuerzas y Cuerpos de Seguridad del Estado.<\/span><\/p><p><span style=\"color: #000000;\">Transferencias Internacionales: No est\u00e1n previstas transferencias internacionales de los datos.<\/span><\/p><p><span style=\"color: #000000;\">Plazo de Supresi\u00f3n: Se conservar\u00e1n durante el tiempo necesario para cumplir con la finalidad para la que se recabaron y para determinar las posibles responsabilidades que se pudieran derivar de dicha finalidad y del tratamiento de los datos. Ser\u00e1 de aplicaci\u00f3n lo dispuesto en la normativa de archivos y documentaci\u00f3n.<\/span><\/p><p><span style=\"color: #000000;\">Medidas de Seguridad: Adaptadas a las exigencias del Reglamento (EU) 2016\/679, Reglamento General de Protecci\u00f3n de Datos.<\/span><\/p><p><span style=\"color: #000000;\">TRATAMIENTO DE CLIENTES<\/span><\/p><p><span style=\"color: #000000;\">Base Jur\u00eddica: RGPD: 6.1.b) Tratamiento necesario para la ejecuci\u00f3n de un contrato en el que el interesado es parte o para la aplicaci\u00f3n a petici\u00f3n de \u00e9ste de medidas precontractuales.<\/span><\/p><p><span style=\"color: #000000;\">Fines del Tratamiento: Gestionar los datos personales y de salud de los clientes, para realizar seguir tratamientos espec\u00edficos.<\/span><\/p><p><span style=\"color: #000000;\">Colectivo: Clientes<\/span><\/p><p><span style=\"color: #000000;\">Categor\u00edas de Datos: \u2013 Nombre y apellidos, DNI\/NIF\/Documento identificativo, direcci\u00f3n, firma y tel\u00e9fono.<\/span><br \/><span style=\"color: #000000;\">\u2013 Datos de Salud<\/span><\/p><p><span style=\"color: #000000;\">Categor\u00edas de Destinatarios: Podr\u00e1n ser comunicados a la administraci\u00f3n p\u00fablica con competencias en sanidad<\/span><br \/><span style=\"color: #000000;\">Transferencias Internacionales: No est\u00e1n previstas transferencias internacionales de los datos.<\/span><br \/><span style=\"color: #000000;\">Plazo de Supresi\u00f3n: Se conservar\u00e1n durante el tiempo necesario para cumplir con la finalidad para la que se recabaron y para determinar las posibles responsabilidades que se pudieran derivar de dicha finalidad y del tratamiento de los datos.<\/span><\/p><p><span style=\"color: #000000;\">Medidas de Seguridad: Adaptadas a las exigencias del Reglamento (EU) 2016\/679, Reglamento General de Protecci\u00f3n de Datos.<\/span><\/p><p><span style=\"color: #000000;\">TUS DERECHOS<\/span><\/p><p><span style=\"color: #000000;\">Tienes derecho a solicitarnos una copia de tus datos personales, a rectificar los datos inexactos o completarlos si estuvieren incompletos, o en su caso suprimirlos, cuando ya no sean necesarios para los fines para los que fueron recogidos.<\/span><\/p><p><span style=\"color: #000000;\">Tambi\u00e9n tienes derecho a limitar el tratamiento de tus datos personales y a obtener tus datos personales en un formato estructurado y legible.<\/span><\/p><p><span style=\"color: #000000;\">Puedes oponerte al tratamiento de tus datos personales en algunas circunstancias (en particular, cuando no tengamos que procesarlos para cumplir con un requisito contractual u otro requisito legal, o cuando el objeto del tratamiento sea el marketing directo).<\/span><\/p><p><span style=\"color: #000000;\">Cuando nos hayas otorgado tu consentimiento, podr\u00e1s retirarlo en cualquier momento. En ese momento dejaremos de tratar tus datos o, en su caso, dejaremos de hacerlo para esa finalidad en concreto. Si decides retirar tu consentimiento, esto no afectar\u00e1 a ning\u00fan tratamiento que haya tenido lugar mientras tu consentimiento estaba vigente.<\/span><\/p><p><span style=\"color: #000000;\">Estos derechos podr\u00e1n verse limitados; por ejemplo si para cumplir tu solicitud tuvi\u00e9semos que revelar datos sobre otra persona, o si nos solicitas que eliminemos algunos registros que estamos obligados a mantener por una obligaci\u00f3n legal o por un inter\u00e9s leg\u00edtimo, como pueda ser el ejercicio de defensa ante reclamaciones. O incluso en aquellos casos donde debe prevalecer el derecho a la libertad de expresi\u00f3n e informaci\u00f3n.<\/span><\/p><p><span style=\"color: #000000;\">Puedes contactar con nosotros por cualquiera de los medios indicados en el apartado Responsable del Tratamiento de esta pol\u00edtica de privacidad, aportando una copia de un documento que acredite tu identidad (normalmente el DNI).<\/span><\/p><p><span style=\"color: #000000;\">Otro de tus derechos es el de no ser objeto de una decisi\u00f3n basada \u00fanicamente en un tratamiento automatizado, incluida la elaboraci\u00f3n de perfiles que produzca efectos jur\u00eddicos o te afecte.<\/span><\/p><p><span style=\"color: #000000;\">Frente a cualquier vulneraci\u00f3n de tus derechos, como, por ejemplo, que no hayamos atendido tu solicitud, tienes derecho a presentar una reclamaci\u00f3n ante la Autoridad de Control en materia de protecci\u00f3n de datos. Esta puede ser la de tu pa\u00eds (si vives fuera de Espa\u00f1a) o la Agencia Espa\u00f1ola de Protecci\u00f3n de Datos (si vives en Espa\u00f1a).<\/span><\/p><p><span style=\"color: #000000;\">Enlaces a sitios web de terceros.<\/span><\/p><p><span style=\"color: #000000;\">Nuestro sitio web puede, en algunas ocasiones, contener enlaces hacia otros sitios web. Es tu responsabilidad asegurarte de leer la pol\u00edtica de protecci\u00f3n de datos y las condiciones legales que se apliquen a cada sitio.<\/span><\/p><p><span style=\"color: #000000;\">Datos de terceros.<\/span><\/p><p><span style=\"color: #000000;\">Si nos facilitas datos de terceros, asumes la responsabilidad de informarles previamente seg\u00fan lo establecido en el art\u00edculo 14 del RGPD.<\/span><\/p>\t\t\t\t\t\t\t\t<\/div>\n\t\t\t\t<\/div>\n\t\t\t\t<div class=\"elementor-element elementor-element-9a12f9c elementor-widget elementor-widget-spacer\" data-id=\"9a12f9c\" data-element_type=\"widget\" data-widget_type=\"spacer.default\">\n\t\t\t\t<div class=\"elementor-widget-container\">\n\t\t\t\t\t\t\t<div class=\"elementor-spacer\">\n\t\t\t<div class=\"elementor-spacer-inner\"><\/div>\n\t\t<\/div>\n\t\t\t\t\t\t<\/div>\n\t\t\t\t<\/div>\n\t\t\t\t\t<\/div>\n\t\t<\/div>\n\t\t\t\t\t<\/div>\n\t\t<\/section>\n\t\t\t\t<\/div>\n\t\t","protected":false},"excerpt":{"rendered":"<p>RESPONSABLE DEL TRATAMIENTO El Responsable del Tratamiento es KEVIN D\u00cdAZ CARA, Calle real de bayacas,12, 18410 Granada (GRANADA). Principios de privacidad Desde KEVIN D\u00cdAZ CARA nos comprometemos contigo a trabajar continuamente para garantizar la privacidad en el tratamiento de tus datos personales, y para ofrecerte en cada momento la informaci\u00f3n m\u00e1s completa y clara que &#8230; <a title=\"Pol\u00edtica de privacidad\" class=\"read-more\" href=\"https:\/\/www.kevindiazcara.com\/index.php\/politica-de-privacidad\/\" aria-label=\"Leer m\u00e1s sobre Pol\u00edtica de privacidad\">Leer m\u00e1s<\/a><\/p>\n","protected":false},"author":1,"featured_media":0,"parent":0,"menu_order":0,"comment_status":"closed","ping_status":"closed","template":"elementor_header_footer","meta":{"footnotes":""},"class_list":["post-2211","page","type-page","status-publish"],"_links":{"self":[{"href":"https:\/\/www.kevindiazcara.com\/index.php\/wp-json\/wp\/v2\/pages\/2211","targetHints":{"allow":["GET"]}}],"collection":[{"href":"https:\/\/www.kevindiazcara.com\/index.php\/wp-json\/wp\/v2\/pages"}],"about":[{"href":"https:\/\/www.kevindiazcara.com\/index.php\/wp-json\/wp\/v2\/types\/page"}],"author":[{"embeddable":true,"href":"https:\/\/www.kevindiazcara.com\/index.php\/wp-json\/wp\/v2\/users\/1"}],"replies":[{"embeddable":true,"href":"https:\/\/www.kevindiazcara.com\/index.php\/wp-json\/wp\/v2\/comments?post=2211"}],"version-history":[{"count":5,"href":"https:\/\/www.kevindiazcara.com\/index.php\/wp-json\/wp\/v2\/pages\/2211\/revisions"}],"predecessor-version":[{"id":2217,"href":"https:\/\/www.kevindiazcara.com\/index.php\/wp-json\/wp\/v2\/pages\/2211\/revisions\/2217"}],"wp:attachment":[{"href":"https:\/\/www.kevindiazcara.com\/index.php\/wp-json\/wp\/v2\/media?parent=2211"}],"curies":[{"name":"wp","href":"https:\/\/api.w.org\/{rel}","templated":true}]}}